{"id":2482,"date":"2020-04-12T08:34:44","date_gmt":"2020-04-12T05:34:44","guid":{"rendered":"https:\/\/www.eurocert-eqc.com\/?page_id=2482"},"modified":"2023-05-20T03:59:16","modified_gmt":"2023-05-20T00:59:16","slug":"personal-protective-equipment-eu-2016-425-ce-mark","status":"publish","type":"page","link":"https:\/\/www.eurocert-eqc.com\/en\/certification\/ce-certification\/personal-protective-equipment-eu-2016-425-ce-mark\/","title":{"rendered":"Personal protective equipment (EU) 2016\/425 &#8211; CE Mark"},"content":{"rendered":"<p><div class=\"fusion-fullwidth fullwidth-box fusion-builder-row-1 fusion-flex-container nonhundred-percent-fullwidth non-hundred-percent-height-scrolling fusion-no-small-visibility\" style=\"--awb-background-position:center bottom;--awb-border-radius-top-left:0px;--awb-border-radius-top-right:0px;--awb-border-radius-bottom-right:0px;--awb-border-radius-bottom-left:0px;--awb-background-color:#ffffff;--awb-flex-wrap:wrap;\" ><div class=\"fusion-builder-row fusion-row fusion-flex-align-items-flex-start fusion-flex-content-wrap\" style=\"max-width:calc( 1200px + 0px );margin-left: calc(-0px \/ 2 );margin-right: calc(-0px \/ 2 );\"><div class=\"fusion-layout-column fusion_builder_column fusion-builder-column-0 fusion_builder_column_3_5 3_5 fusion-flex-column fusion-animated\" style=\"--awb-bg-color:#ffffff;--awb-bg-color-hover:#ffffff;--awb-bg-size:cover;--awb-border-color:#efefef;--awb-border-top:0;--awb-border-right:0;--awb-border-bottom:0;--awb-border-left:0;--awb-border-style:solid;--awb-width-large:60%;--awb-margin-top-large:15px;--awb-spacing-right-large:0px;--awb-margin-bottom-large:15px;--awb-spacing-left-large:0px;--awb-width-medium:100%;--awb-order-medium:0;--awb-spacing-right-medium:0px;--awb-spacing-left-medium:0px;--awb-width-small:100%;--awb-order-small:0;--awb-spacing-right-small:0px;--awb-spacing-left-small:0px;\" data-animationType=\"fadeInLeft\" data-animationDuration=\"0.8\" data-animationOffset=\"top-into-view\"><div class=\"fusion-column-wrapper fusion-column-has-shadow fusion-flex-justify-content-flex-start fusion-content-layout-column\"><div class=\"fusion-text fusion-text-1\"><h3>(EU) 2016\/425 &#8211; CE Certification for Personal Protective Equipment PPE<\/h3>\n<p>The new PPE regulation has been modernized in many areas and adapted to the new legal framework of the EU (New Legislative Framework &#8211; NLF). It contains requirements for the design and manufacture of PPE as well as regulations for the free movement of PPE in the EU. The scope of the PPE regulation has not changed significantly compared to the directive. It also includes any device and any means designed and manufactured to be worn by a person as protection against one or more risks.<\/p>\n<h3>Risk categories of personal protective equipment according to PPE regulation (EU) 2016\/425<\/h3>\n<p>Every PPE is to be classified according to the risk categories according to Annex I of the PPE Regulation (EU) 2016\/425. The categorization is made according to the risk against which a PPE is supposed to protect. A distinction is made between the following three categories:<\/p>\n<ul>\n<li>Category I only includes minor risks<\/li>\n<li>Category II includes risks that are not listed under Category I or Category III. Any PPE that is not subject to Category I and III is automatically<\/li>\n<li>Category II.<\/li>\n<li>Category III only includes those risks that can lead to very serious consequences such as death or irreversible damage to health<\/li>\n<\/ul>\n<p>In contrast to the old PPE directive, risk category III has been expanded to include the five risks of drowning, cuts from hand-held chainsaws, high pressure jets, injuries from projectiles or knife stabs and harmful noise. This means that PPE that protects against these risks must also go through the strictest conformity assessment procedure<\/p>\n<\/div><\/div><\/div><div class=\"fusion-layout-column fusion_builder_column fusion-builder-column-1 fusion_builder_column_2_5 2_5 fusion-flex-column\" style=\"--awb-padding-top:4%;--awb-padding-right:4%;--awb-padding-bottom:4%;--awb-padding-left:4%;--awb-overflow:hidden;--awb-bg-color:#ffffff;--awb-bg-color-hover:#ffffff;--awb-bg-size:cover;--awb-border-color:#707070;--awb-border-top:0;--awb-border-right:0;--awb-border-bottom:0;--awb-border-left:0;--awb-border-style:solid;--awb-border-radius:10px 10px 10px 10px;--awb-width-large:40%;--awb-margin-top-large:15px;--awb-spacing-right-large:0px;--awb-margin-bottom-large:15px;--awb-spacing-left-large:0px;--awb-width-medium:100%;--awb-order-medium:0;--awb-spacing-right-medium:0px;--awb-spacing-left-medium:0px;--awb-width-small:100%;--awb-order-small:0;--awb-spacing-right-small:0px;--awb-spacing-left-small:0px;\"><div class=\"fusion-column-wrapper fusion-column-has-shadow fusion-flex-justify-content-flex-start fusion-content-layout-column\"><div class=\"fusion-builder-row fusion-builder-row-inner fusion-row fusion-flex-align-items-flex-start fusion-flex-content-wrap\" style=\"width:calc( 100% + 0px ) !important;max-width:calc( 100% + 0px ) !important;margin-left: calc(-0px \/ 2 );margin-right: calc(-0px \/ 2 );\"><div class=\"fusion-layout-column fusion_builder_column_inner fusion-builder-nested-column-0 fusion_builder_column_inner_1_1 1_1 fusion-flex-column\" style=\"--awb-padding-top:4%;--awb-padding-right:4%;--awb-padding-bottom:4%;--awb-padding-left:4%;--awb-overflow:hidden;--awb-bg-color:rgba(196,196,196,0.27);--awb-bg-color-hover:rgba(196,196,196,0.27);--awb-bg-image:linear-gradient(180deg, var(--awb-custom14) 1%,rgba(255,255,255,0) 90%);--awb-bg-size:cover;--awb-border-color:#707070;--awb-border-top:2px;--awb-border-right:2px;--awb-border-bottom:2px;--awb-border-left:2px;--awb-border-style:solid;--awb-border-radius:10px 10px 10px 10px;--awb-width-large:100%;--awb-margin-top-large:15px;--awb-spacing-right-large:0px;--awb-margin-bottom-large:15px;--awb-spacing-left-large:0px;--awb-width-medium:100%;--awb-order-medium:0;--awb-spacing-right-medium:0px;--awb-spacing-left-medium:0px;--awb-width-small:100%;--awb-order-small:0;--awb-spacing-right-small:0px;--awb-spacing-left-small:0px;\"><div class=\"fusion-column-wrapper fusion-column-has-shadow fusion-flex-justify-content-flex-start fusion-content-layout-column\"><div class=\"fusion-text fusion-text-2\"><ul>\n<li style=\"list-style-type: none;\"><\/li>\n<\/ul>\n<p><span style=\"color: #ff0000; font-size: 17px;\">&#8220;CE-Zeichen f\u00fcr pers\u00f6nliche Schutzausr\u00fcstungen &#8211; Seit dem 21. April 2018 ist die neue PSA-Verordnung verbindlich anzuwenden. Gleichzeitig wurde die bisherige Richtlinie 89\/686\/EWG aufgehoben.&#8221;<\/span><\/p>\n<\/div><\/div><\/div><\/div><div class=\"fusion-image-element \" style=\"--awb-caption-title-font-family:var(--h2_typography-font-family);--awb-caption-title-font-weight:var(--h2_typography-font-weight);--awb-caption-title-font-style:var(--h2_typography-font-style);--awb-caption-title-size:var(--h2_typography-font-size);--awb-caption-title-transform:var(--h2_typography-text-transform);--awb-caption-title-line-height:var(--h2_typography-line-height);--awb-caption-title-letter-spacing:var(--h2_typography-letter-spacing);\"><span class=\" fusion-imageframe imageframe-none imageframe-1 hover-type-none\" style=\"border:1px solid #f0f0f0;border-radius:10px;\"><img decoding=\"async\" src=\"https:\/\/www.eurocert-eqc.com\/wp-content\/uploads\/2020\/04\/meeting-medium.jpg\" alt class=\"img-responsive wp-image-2553\"\/><\/span><\/div><div class=\"fusion-separator fusion-full-width-sep\" style=\"align-self: center;margin-left: auto;margin-right: auto;margin-top:5px;margin-bottom:5px;width:100%;\"><\/div><div class=\"fusion-image-element \" style=\"--awb-caption-title-font-family:var(--h2_typography-font-family);--awb-caption-title-font-weight:var(--h2_typography-font-weight);--awb-caption-title-font-style:var(--h2_typography-font-style);--awb-caption-title-size:var(--h2_typography-font-size);--awb-caption-title-transform:var(--h2_typography-text-transform);--awb-caption-title-line-height:var(--h2_typography-line-height);--awb-caption-title-letter-spacing:var(--h2_typography-letter-spacing);\"><span class=\" fusion-imageframe imageframe-none imageframe-2 hover-type-none\" style=\"border:1px solid #f0f0f0;border-radius:10px;\"><img decoding=\"async\" src=\"https:\/\/www.eurocert-eqc.com\/wp-content\/uploads\/2020\/04\/meeting2-medium.jpg\" alt class=\"img-responsive wp-image-2555\"\/><\/span><\/div><div class=\"fusion-separator fusion-full-width-sep\" style=\"align-self: center;margin-left: auto;margin-right: auto;margin-top:5px;margin-bottom:5px;width:100%;\"><\/div><\/div><\/div><\/div><\/div><div class=\"fusion-fullwidth fullwidth-box fusion-builder-row-2 fusion-flex-container nonhundred-percent-fullwidth non-hundred-percent-height-scrolling fusion-no-medium-visibility fusion-no-large-visibility\" style=\"--awb-background-position:center bottom;--awb-border-radius-top-left:0px;--awb-border-radius-top-right:0px;--awb-border-radius-bottom-right:0px;--awb-border-radius-bottom-left:0px;--awb-background-color:#ffffff;--awb-flex-wrap:wrap;\" ><div class=\"fusion-builder-row fusion-row fusion-flex-align-items-flex-start fusion-flex-content-wrap\" style=\"max-width:calc( 1200px + 0px );margin-left: calc(-0px \/ 2 );margin-right: calc(-0px \/ 2 );\"><div class=\"fusion-layout-column fusion_builder_column fusion-builder-column-2 fusion_builder_column_2_5 2_5 fusion-flex-column\" style=\"--awb-padding-top:4%;--awb-padding-right:4%;--awb-padding-bottom:4%;--awb-padding-left:4%;--awb-overflow:hidden;--awb-bg-color:#ffffff;--awb-bg-color-hover:#ffffff;--awb-bg-size:cover;--awb-border-color:#707070;--awb-border-top:0;--awb-border-right:0;--awb-border-bottom:0;--awb-border-left:0;--awb-border-style:solid;--awb-border-radius:10px 10px 10px 10px;--awb-width-large:40%;--awb-margin-top-large:15px;--awb-spacing-right-large:0px;--awb-margin-bottom-large:15px;--awb-spacing-left-large:0px;--awb-width-medium:100%;--awb-order-medium:0;--awb-spacing-right-medium:0px;--awb-spacing-left-medium:0px;--awb-width-small:100%;--awb-order-small:0;--awb-spacing-right-small:0px;--awb-spacing-left-small:0px;\"><div class=\"fusion-column-wrapper fusion-column-has-shadow fusion-flex-justify-content-flex-start fusion-content-layout-column\"><div class=\"fusion-builder-row fusion-builder-row-inner fusion-row fusion-flex-align-items-flex-start fusion-flex-content-wrap\" style=\"width:calc( 100% + 0px ) !important;max-width:calc( 100% + 0px ) !important;margin-left: calc(-0px \/ 2 );margin-right: calc(-0px \/ 2 );\"><div class=\"fusion-layout-column fusion_builder_column_inner fusion-builder-nested-column-1 fusion_builder_column_inner_1_1 1_1 fusion-flex-column\" style=\"--awb-padding-top:4%;--awb-padding-right:4%;--awb-padding-bottom:4%;--awb-padding-left:4%;--awb-overflow:hidden;--awb-bg-color:rgba(196,196,196,0.27);--awb-bg-color-hover:rgba(196,196,196,0.27);--awb-bg-image:linear-gradient(180deg, var(--awb-custom14) 1%,rgba(255,255,255,0) 90%);--awb-bg-size:cover;--awb-border-color:#707070;--awb-border-top:2px;--awb-border-right:2px;--awb-border-bottom:2px;--awb-border-left:2px;--awb-border-style:solid;--awb-border-radius:10px 10px 10px 10px;--awb-width-large:100%;--awb-margin-top-large:15px;--awb-spacing-right-large:0px;--awb-margin-bottom-large:15px;--awb-spacing-left-large:0px;--awb-width-medium:100%;--awb-order-medium:0;--awb-spacing-right-medium:0px;--awb-spacing-left-medium:0px;--awb-width-small:100%;--awb-order-small:0;--awb-spacing-right-small:0px;--awb-spacing-left-small:0px;\"><div class=\"fusion-column-wrapper fusion-column-has-shadow fusion-flex-justify-content-flex-start fusion-content-layout-column\"><div class=\"fusion-text fusion-text-3\"><ul>\n<li style=\"list-style-type: none;\"><\/li>\n<\/ul>\n<p><span style=\"color: #ff0000; font-size: 17px;\">&#8220;CE-Zeichen f\u00fcr pers\u00f6nliche Schutzausr\u00fcstungen &#8211; Seit dem 21. April 2018 ist die neue PSA-Verordnung verbindlich anzuwenden. Gleichzeitig wurde die bisherige Richtlinie 89\/686\/EWG aufgehoben.&#8221;<\/span><\/p>\n<\/div><\/div><\/div><\/div><div class=\"fusion-image-element \" style=\"--awb-caption-title-font-family:var(--h2_typography-font-family);--awb-caption-title-font-weight:var(--h2_typography-font-weight);--awb-caption-title-font-style:var(--h2_typography-font-style);--awb-caption-title-size:var(--h2_typography-font-size);--awb-caption-title-transform:var(--h2_typography-text-transform);--awb-caption-title-line-height:var(--h2_typography-line-height);--awb-caption-title-letter-spacing:var(--h2_typography-letter-spacing);\"><span class=\" fusion-imageframe imageframe-none imageframe-3 hover-type-none\" style=\"border:1px solid #f0f0f0;border-radius:10px;\"><img decoding=\"async\" src=\"https:\/\/www.eurocert-eqc.com\/wp-content\/uploads\/2020\/04\/meeting-medium.jpg\" alt class=\"img-responsive wp-image-2553\"\/><\/span><\/div><div class=\"fusion-separator fusion-full-width-sep\" style=\"align-self: center;margin-left: auto;margin-right: auto;margin-top:5px;margin-bottom:5px;width:100%;\"><\/div><div class=\"fusion-image-element \" style=\"--awb-caption-title-font-family:var(--h2_typography-font-family);--awb-caption-title-font-weight:var(--h2_typography-font-weight);--awb-caption-title-font-style:var(--h2_typography-font-style);--awb-caption-title-size:var(--h2_typography-font-size);--awb-caption-title-transform:var(--h2_typography-text-transform);--awb-caption-title-line-height:var(--h2_typography-line-height);--awb-caption-title-letter-spacing:var(--h2_typography-letter-spacing);\"><span class=\" fusion-imageframe imageframe-none imageframe-4 hover-type-none\" style=\"border:1px solid #f0f0f0;border-radius:10px;\"><img decoding=\"async\" src=\"https:\/\/www.eurocert-eqc.com\/wp-content\/uploads\/2020\/04\/meeting2-medium.jpg\" alt class=\"img-responsive wp-image-2555\"\/><\/span><\/div><div class=\"fusion-separator fusion-full-width-sep\" style=\"align-self: center;margin-left: auto;margin-right: auto;margin-top:5px;margin-bottom:5px;width:100%;\"><\/div><\/div><\/div><div class=\"fusion-layout-column fusion_builder_column fusion-builder-column-3 fusion_builder_column_3_5 3_5 fusion-flex-column fusion-animated\" style=\"--awb-bg-color:#ffffff;--awb-bg-color-hover:#ffffff;--awb-bg-size:cover;--awb-border-color:#efefef;--awb-border-top:0;--awb-border-right:0;--awb-border-bottom:0;--awb-border-left:0;--awb-border-style:solid;--awb-width-large:60%;--awb-margin-top-large:15px;--awb-spacing-right-large:0px;--awb-margin-bottom-large:15px;--awb-spacing-left-large:0px;--awb-width-medium:100%;--awb-order-medium:0;--awb-spacing-right-medium:0px;--awb-spacing-left-medium:0px;--awb-width-small:100%;--awb-order-small:0;--awb-spacing-right-small:0px;--awb-spacing-left-small:0px;\" data-animationType=\"fadeInLeft\" data-animationDuration=\"0.8\" data-animationOffset=\"top-into-view\"><div class=\"fusion-column-wrapper fusion-column-has-shadow fusion-flex-justify-content-flex-start fusion-content-layout-column\"><div class=\"fusion-text fusion-text-4\"><h3>(EU) 2016\/425 &#8211; CE Certification for Personal Protective Equipment PPE<\/h3>\n<p>The new PPE regulation has been modernized in many areas and adapted to the new legal framework of the EU (New Legislative Framework &#8211; NLF). It contains requirements for the design and manufacture of PPE as well as regulations for the free movement of PPE in the EU. The scope of the PPE regulation has not changed significantly compared to the directive. It also includes any device and any means designed and manufactured to be worn by a person as protection against one or more risks.<\/p>\n<h3>Risk categories of personal protective equipment according to PPE regulation (EU) 2016\/425<\/h3>\n<p>Every PPE is to be classified according to the risk categories according to Annex I of the PPE Regulation (EU) 2016\/425. The categorization is made according to the risk against which a PPE is supposed to protect. A distinction is made between the following three categories:<\/p>\n<ul>\n<li>Category I only includes minor risks<\/li>\n<li>Category II includes risks that are not listed under Category I or Category III. Any PPE that is not subject to Category I and III is automatically<\/li>\n<li>Category II.<\/li>\n<li>Category III only includes those risks that can lead to very serious consequences such as death or irreversible damage to health<\/li>\n<\/ul>\n<p>In contrast to the old PPE directive, risk category III has been expanded to include the five risks of drowning, cuts from hand-held chainsaws, high pressure jets, injuries from projectiles or knife stabs and harmful noise. This means that PPE that protects against these risks must also go through the strictest conformity assessment procedure<\/p>\n<\/div><\/div><\/div><\/div><\/div><\/p>\n","protected":false},"excerpt":{"rendered":"","protected":false},"author":1,"featured_media":0,"parent":2110,"menu_order":0,"comment_status":"closed","ping_status":"closed","template":"100-width.php","meta":{"footnotes":""},"class_list":["post-2482","page","type-page","status-publish","hentry"],"yoast_head":"<!-- This site is optimized with the Yoast SEO plugin v27.5 - https:\/\/yoast.com\/product\/yoast-seo-wordpress\/ -->\n<title>Personal protective equipment (EU) 2016\/425 - CE Mark - EQC EN \/\/ Made in Germany<\/title>\n<meta name=\"robots\" content=\"index, follow, max-snippet:-1, max-image-preview:large, max-video-preview:-1\" \/>\n<link rel=\"canonical\" href=\"https:\/\/www.eurocert-eqc.com\/en\/certification\/ce-certification\/personal-protective-equipment-eu-2016-425-ce-mark\/\" \/>\n<meta property=\"og:locale\" content=\"en_GB\" \/>\n<meta property=\"og:type\" content=\"article\" \/>\n<meta property=\"og:title\" content=\"Personal protective equipment (EU) 2016\/425 - CE Mark - EQC EN \/\/ Made in Germany\" \/>\n<meta property=\"og:url\" content=\"https:\/\/www.eurocert-eqc.com\/en\/certification\/ce-certification\/personal-protective-equipment-eu-2016-425-ce-mark\/\" \/>\n<meta property=\"og:site_name\" content=\"EQC EN \/\/ Made in Germany\" \/>\n<meta property=\"article:modified_time\" content=\"2023-05-20T00:59:16+00:00\" \/>\n<meta name=\"twitter:card\" content=\"summary_large_image\" \/>\n<meta name=\"twitter:label1\" content=\"Estimated reading time\" \/>\n\t<meta name=\"twitter:data1\" content=\"8 minutes\" \/>\n<script type=\"application\/ld+json\" class=\"yoast-schema-graph\">{\"@context\":\"https:\\\/\\\/schema.org\",\"@graph\":[{\"@type\":\"WebPage\",\"@id\":\"https:\\\/\\\/www.eurocert-eqc.com\\\/en\\\/certification\\\/ce-certification\\\/personal-protective-equipment-eu-2016-425-ce-mark\\\/\",\"url\":\"https:\\\/\\\/www.eurocert-eqc.com\\\/en\\\/certification\\\/ce-certification\\\/personal-protective-equipment-eu-2016-425-ce-mark\\\/\",\"name\":\"Personal protective equipment (EU) 2016\\\/425 - CE Mark - EQC EN \\\/\\\/ Made in Germany\",\"isPartOf\":{\"@id\":\"https:\\\/\\\/www.eurocert-eqc.com\\\/en\\\/#website\"},\"datePublished\":\"2020-04-12T05:34:44+00:00\",\"dateModified\":\"2023-05-20T00:59:16+00:00\",\"breadcrumb\":{\"@id\":\"https:\\\/\\\/www.eurocert-eqc.com\\\/en\\\/certification\\\/ce-certification\\\/personal-protective-equipment-eu-2016-425-ce-mark\\\/#breadcrumb\"},\"inLanguage\":\"en-GB\",\"potentialAction\":[{\"@type\":\"ReadAction\",\"target\":[\"https:\\\/\\\/www.eurocert-eqc.com\\\/en\\\/certification\\\/ce-certification\\\/personal-protective-equipment-eu-2016-425-ce-mark\\\/\"]}]},{\"@type\":\"BreadcrumbList\",\"@id\":\"https:\\\/\\\/www.eurocert-eqc.com\\\/en\\\/certification\\\/ce-certification\\\/personal-protective-equipment-eu-2016-425-ce-mark\\\/#breadcrumb\",\"itemListElement\":[{\"@type\":\"ListItem\",\"position\":1,\"name\":\"Home\",\"item\":\"https:\\\/\\\/www.eurocert-eqc.com\\\/en\\\/\"},{\"@type\":\"ListItem\",\"position\":2,\"name\":\"CERTIFICATION\",\"item\":\"https:\\\/\\\/www.eurocert-eqc.com\\\/en\\\/certification\\\/\"},{\"@type\":\"ListItem\",\"position\":3,\"name\":\"CE- CERTIFICATION\",\"item\":\"https:\\\/\\\/www.eurocert-eqc.com\\\/en\\\/certification\\\/ce-certification\\\/\"},{\"@type\":\"ListItem\",\"position\":4,\"name\":\"Personal protective equipment (EU) 2016\\\/425 &#8211; CE Mark\"}]},{\"@type\":\"WebSite\",\"@id\":\"https:\\\/\\\/www.eurocert-eqc.com\\\/en\\\/#website\",\"url\":\"https:\\\/\\\/www.eurocert-eqc.com\\\/en\\\/\",\"name\":\"EQC EN \\\/\\\/ Made in Germany\",\"description\":\"CERTIFICATION\",\"potentialAction\":[{\"@type\":\"SearchAction\",\"target\":{\"@type\":\"EntryPoint\",\"urlTemplate\":\"https:\\\/\\\/www.eurocert-eqc.com\\\/en\\\/?s={search_term_string}\"},\"query-input\":{\"@type\":\"PropertyValueSpecification\",\"valueRequired\":true,\"valueName\":\"search_term_string\"}}],\"inLanguage\":\"en-GB\"}]}<\/script>\n<!-- \/ Yoast SEO plugin. -->","yoast_head_json":{"title":"Personal protective equipment (EU) 2016\/425 - CE Mark - EQC EN \/\/ Made in Germany","robots":{"index":"index","follow":"follow","max-snippet":"max-snippet:-1","max-image-preview":"max-image-preview:large","max-video-preview":"max-video-preview:-1"},"canonical":"https:\/\/www.eurocert-eqc.com\/en\/certification\/ce-certification\/personal-protective-equipment-eu-2016-425-ce-mark\/","og_locale":"en_GB","og_type":"article","og_title":"Personal protective equipment (EU) 2016\/425 - CE Mark - EQC EN \/\/ Made in Germany","og_url":"https:\/\/www.eurocert-eqc.com\/en\/certification\/ce-certification\/personal-protective-equipment-eu-2016-425-ce-mark\/","og_site_name":"EQC EN \/\/ Made in Germany","article_modified_time":"2023-05-20T00:59:16+00:00","twitter_card":"summary_large_image","twitter_misc":{"Estimated reading time":"8 minutes"},"schema":{"@context":"https:\/\/schema.org","@graph":[{"@type":"WebPage","@id":"https:\/\/www.eurocert-eqc.com\/en\/certification\/ce-certification\/personal-protective-equipment-eu-2016-425-ce-mark\/","url":"https:\/\/www.eurocert-eqc.com\/en\/certification\/ce-certification\/personal-protective-equipment-eu-2016-425-ce-mark\/","name":"Personal protective equipment (EU) 2016\/425 - CE Mark - EQC EN \/\/ Made in Germany","isPartOf":{"@id":"https:\/\/www.eurocert-eqc.com\/en\/#website"},"datePublished":"2020-04-12T05:34:44+00:00","dateModified":"2023-05-20T00:59:16+00:00","breadcrumb":{"@id":"https:\/\/www.eurocert-eqc.com\/en\/certification\/ce-certification\/personal-protective-equipment-eu-2016-425-ce-mark\/#breadcrumb"},"inLanguage":"en-GB","potentialAction":[{"@type":"ReadAction","target":["https:\/\/www.eurocert-eqc.com\/en\/certification\/ce-certification\/personal-protective-equipment-eu-2016-425-ce-mark\/"]}]},{"@type":"BreadcrumbList","@id":"https:\/\/www.eurocert-eqc.com\/en\/certification\/ce-certification\/personal-protective-equipment-eu-2016-425-ce-mark\/#breadcrumb","itemListElement":[{"@type":"ListItem","position":1,"name":"Home","item":"https:\/\/www.eurocert-eqc.com\/en\/"},{"@type":"ListItem","position":2,"name":"CERTIFICATION","item":"https:\/\/www.eurocert-eqc.com\/en\/certification\/"},{"@type":"ListItem","position":3,"name":"CE- CERTIFICATION","item":"https:\/\/www.eurocert-eqc.com\/en\/certification\/ce-certification\/"},{"@type":"ListItem","position":4,"name":"Personal protective equipment (EU) 2016\/425 &#8211; CE Mark"}]},{"@type":"WebSite","@id":"https:\/\/www.eurocert-eqc.com\/en\/#website","url":"https:\/\/www.eurocert-eqc.com\/en\/","name":"EQC EN \/\/ Made in Germany","description":"CERTIFICATION","potentialAction":[{"@type":"SearchAction","target":{"@type":"EntryPoint","urlTemplate":"https:\/\/www.eurocert-eqc.com\/en\/?s={search_term_string}"},"query-input":{"@type":"PropertyValueSpecification","valueRequired":true,"valueName":"search_term_string"}}],"inLanguage":"en-GB"}]}},"_links":{"self":[{"href":"https:\/\/www.eurocert-eqc.com\/en\/wp-json\/wp\/v2\/pages\/2482","targetHints":{"allow":["GET"]}}],"collection":[{"href":"https:\/\/www.eurocert-eqc.com\/en\/wp-json\/wp\/v2\/pages"}],"about":[{"href":"https:\/\/www.eurocert-eqc.com\/en\/wp-json\/wp\/v2\/types\/page"}],"author":[{"embeddable":true,"href":"https:\/\/www.eurocert-eqc.com\/en\/wp-json\/wp\/v2\/users\/1"}],"replies":[{"embeddable":true,"href":"https:\/\/www.eurocert-eqc.com\/en\/wp-json\/wp\/v2\/comments?post=2482"}],"version-history":[{"count":0,"href":"https:\/\/www.eurocert-eqc.com\/en\/wp-json\/wp\/v2\/pages\/2482\/revisions"}],"up":[{"embeddable":true,"href":"https:\/\/www.eurocert-eqc.com\/en\/wp-json\/wp\/v2\/pages\/2110"}],"wp:attachment":[{"href":"https:\/\/www.eurocert-eqc.com\/en\/wp-json\/wp\/v2\/media?parent=2482"}],"curies":[{"name":"wp","href":"https:\/\/api.w.org\/{rel}","templated":true}]}}