{"id":2464,"date":"2020-04-12T08:05:55","date_gmt":"2020-04-12T05:05:55","guid":{"rendered":"https:\/\/www.eurocert-eqc.com\/?page_id=2464"},"modified":"2023-05-20T03:26:00","modified_gmt":"2023-05-20T00:26:00","slug":"iso-13485-management-for-medical-devices","status":"publish","type":"page","link":"https:\/\/www.eurocert-eqc.com\/en\/certification\/iso-certification\/iso-13485-management-for-medical-devices\/","title":{"rendered":"ISO 13485 Management for Medical Devices"},"content":{"rendered":"<p><div class=\"fusion-fullwidth fullwidth-box fusion-builder-row-1 fusion-flex-container nonhundred-percent-fullwidth non-hundred-percent-height-scrolling fusion-no-small-visibility\" style=\"--awb-background-position:center bottom;--awb-border-radius-top-left:0px;--awb-border-radius-top-right:0px;--awb-border-radius-bottom-right:0px;--awb-border-radius-bottom-left:0px;--awb-background-color:#ffffff;--awb-flex-wrap:wrap;\" ><div class=\"fusion-builder-row fusion-row fusion-flex-align-items-flex-start fusion-flex-content-wrap\" style=\"max-width:calc( 1200px + 0px );margin-left: calc(-0px \/ 2 );margin-right: calc(-0px \/ 2 );\"><div class=\"fusion-layout-column fusion_builder_column fusion-builder-column-0 fusion_builder_column_3_5 3_5 fusion-flex-column fusion-animated\" style=\"--awb-bg-color:#ffffff;--awb-bg-color-hover:#ffffff;--awb-bg-size:cover;--awb-border-color:#efefef;--awb-border-top:0;--awb-border-right:0;--awb-border-bottom:0;--awb-border-left:0;--awb-border-style:solid;--awb-width-large:60%;--awb-margin-top-large:15px;--awb-spacing-right-large:0px;--awb-margin-bottom-large:15px;--awb-spacing-left-large:0px;--awb-width-medium:100%;--awb-order-medium:0;--awb-spacing-right-medium:0px;--awb-spacing-left-medium:0px;--awb-width-small:100%;--awb-order-small:0;--awb-spacing-right-small:0px;--awb-spacing-left-small:0px;\" data-animationType=\"fadeInLeft\" data-animationDuration=\"0.8\" data-animationOffset=\"top-into-view\"><div class=\"fusion-column-wrapper fusion-column-has-shadow fusion-flex-justify-content-flex-start fusion-content-layout-column\"><div class=\"fusion-text fusion-text-1\"><h3 class=\"entry-title fusion-responsive-typography-calculated\" style=\"line-height: 1.15;\" data-fontsize=\"22\" data-lineheight=\"25.3px\">ISO 13485:2016<\/h3>\n<p>Die ISO 13485 ist eine ISO-Norm, die die Erfordernisse f\u00fcr ein umfassendes Qualit\u00e4tsmanagementsystem f\u00fcr das Design und die Herstellung von Medizinprodukten repr\u00e4sentiert.<\/p>\n<p>Die aktuelle Ausgabe ist 2016 ver\u00f6ffentlicht worden und ersetzt direkt die letzte Version aus dem Jahr 2012. In der ISO 13485:2012 wurden fr\u00fchere Normen wie die EN 46001 und EN 46002 (beide aus dem Jahr 1997), die ISO 13485 und ISO 13488 aus dem Jahr 1996 zusammengefasst und erg\u00e4nzt.<\/p>\n<p>Obwohl sie ein eigenst\u00e4ndiges Dokument ist, ist die ISO 13485:2003 in weiten Teilen mit der ISO 9001 identisch. W\u00e4hrend die ISO 9001 die Anforderung stellt, dass die Organisation insgesamt eine kontinuierliche Verbesserung anstreben muss (Qualit\u00e4tsmanagement), bezieht sich der Kernanspruch der ISO 13485 auf die Produktsicherheit und -wirksamkeit. Hier soll die Erf\u00fcllung der Anforderungen an das Produkt durch die Wirksamkeit der eingef\u00fchrten Prozesse sichergestellt werden.<\/p>\n<h3><span style=\"font-size: 22px;\" data-fusion-font=\"true\">Welche Vorteile bietet die ISO 13485 Medizinprodukte?<\/span><\/h3>\n<ul>\n<li>Steigern des Zugangs zu weltweiten M\u00e4rkten durch die Zertifizierung<\/li>\n<li>Beschreiben der Pr\u00fcfungen und Optimieren der Prozesse in Ihrem Unternehmen<\/li>\n<li>Steigern der Effizienz, Senken der Kosten und \u00dcberwachen der Leistung der Lieferkette<\/li>\n<li>Demonstrieren der Herstellung von sichereren und effektiveren Medizinprodukten<\/li>\n<li>Erf\u00fcllen von Medizinprodukterichtlinien (MDD) und Kundenerwartungen<\/li>\n<\/ul>\n<\/div><\/div><\/div><div class=\"fusion-layout-column fusion_builder_column fusion-builder-column-1 fusion_builder_column_2_5 2_5 fusion-flex-column\" style=\"--awb-padding-top:4%;--awb-padding-right:4%;--awb-padding-bottom:4%;--awb-padding-left:4%;--awb-overflow:hidden;--awb-bg-color:#ffffff;--awb-bg-color-hover:#ffffff;--awb-bg-size:cover;--awb-border-color:#707070;--awb-border-top:0;--awb-border-right:0;--awb-border-bottom:0;--awb-border-left:0;--awb-border-style:solid;--awb-border-radius:10px 10px 10px 10px;--awb-width-large:40%;--awb-margin-top-large:15px;--awb-spacing-right-large:0px;--awb-margin-bottom-large:15px;--awb-spacing-left-large:0px;--awb-width-medium:100%;--awb-order-medium:0;--awb-spacing-right-medium:0px;--awb-spacing-left-medium:0px;--awb-width-small:100%;--awb-order-small:0;--awb-spacing-right-small:0px;--awb-spacing-left-small:0px;\"><div class=\"fusion-column-wrapper fusion-column-has-shadow fusion-flex-justify-content-flex-start fusion-content-layout-column\"><div class=\"fusion-builder-row fusion-builder-row-inner fusion-row fusion-flex-align-items-flex-start fusion-flex-content-wrap\" style=\"width:calc( 100% + 0px ) !important;max-width:calc( 100% + 0px ) !important;margin-left: calc(-0px \/ 2 );margin-right: calc(-0px \/ 2 );\"><div class=\"fusion-layout-column fusion_builder_column_inner fusion-builder-nested-column-0 fusion_builder_column_inner_1_1 1_1 fusion-flex-column\" style=\"--awb-padding-top:4%;--awb-padding-right:4%;--awb-padding-bottom:4%;--awb-padding-left:4%;--awb-overflow:hidden;--awb-bg-color:rgba(196,196,196,0.27);--awb-bg-color-hover:rgba(196,196,196,0.27);--awb-bg-image:linear-gradient(180deg, var(--awb-custom14) 1%,rgba(255,255,255,0) 90%);--awb-bg-size:cover;--awb-border-color:#707070;--awb-border-top:2px;--awb-border-right:2px;--awb-border-bottom:2px;--awb-border-left:2px;--awb-border-style:solid;--awb-border-radius:10px 10px 10px 10px;--awb-width-large:100%;--awb-margin-top-large:15px;--awb-spacing-right-large:0px;--awb-margin-bottom-large:15px;--awb-spacing-left-large:0px;--awb-width-medium:100%;--awb-order-medium:0;--awb-spacing-right-medium:0px;--awb-spacing-left-medium:0px;--awb-width-small:100%;--awb-order-small:0;--awb-spacing-right-small:0px;--awb-spacing-left-small:0px;\"><div class=\"fusion-column-wrapper fusion-column-has-shadow fusion-flex-justify-content-flex-start fusion-content-layout-column\"><div class=\"fusion-text fusion-text-2\"><ul>\n<li style=\"list-style-type: none;\"><\/li>\n<\/ul>\n<p><span style=\"color: #ff0000; font-size: 17px;\">&#8220;Unser Ziel war es, unseren Kundenstamm zu vergr\u00f6\u00dfern. Vor allem wird die ISO 13485 die T\u00fcren zur medizinischen Gemeinschaft \u00f6ffnen.&#8221;<\/span><\/p>\n<\/div><\/div><\/div><\/div><div class=\"fusion-image-element \" style=\"--awb-caption-title-font-family:var(--h2_typography-font-family);--awb-caption-title-font-weight:var(--h2_typography-font-weight);--awb-caption-title-font-style:var(--h2_typography-font-style);--awb-caption-title-size:var(--h2_typography-font-size);--awb-caption-title-transform:var(--h2_typography-text-transform);--awb-caption-title-line-height:var(--h2_typography-line-height);--awb-caption-title-letter-spacing:var(--h2_typography-letter-spacing);\"><span class=\" fusion-imageframe imageframe-none imageframe-1 hover-type-none\" style=\"border:1px solid #f0f0f0;border-radius:10px;\"><img decoding=\"async\" src=\"https:\/\/www.eurocert-eqc.com\/wp-content\/uploads\/2020\/04\/meeting-medium.jpg\" alt class=\"img-responsive wp-image-2553\"\/><\/span><\/div><div class=\"fusion-separator fusion-full-width-sep\" style=\"align-self: center;margin-left: auto;margin-right: auto;margin-top:5px;margin-bottom:5px;width:100%;\"><\/div><div class=\"fusion-image-element \" style=\"--awb-caption-title-font-family:var(--h2_typography-font-family);--awb-caption-title-font-weight:var(--h2_typography-font-weight);--awb-caption-title-font-style:var(--h2_typography-font-style);--awb-caption-title-size:var(--h2_typography-font-size);--awb-caption-title-transform:var(--h2_typography-text-transform);--awb-caption-title-line-height:var(--h2_typography-line-height);--awb-caption-title-letter-spacing:var(--h2_typography-letter-spacing);\"><span class=\" fusion-imageframe imageframe-none imageframe-2 hover-type-none\" style=\"border:1px solid #f0f0f0;border-radius:10px;\"><img decoding=\"async\" src=\"https:\/\/www.eurocert-eqc.com\/wp-content\/uploads\/2020\/04\/meeting2-medium.jpg\" alt class=\"img-responsive wp-image-2555\"\/><\/span><\/div><div class=\"fusion-separator fusion-full-width-sep\" style=\"align-self: center;margin-left: auto;margin-right: auto;margin-top:5px;margin-bottom:5px;width:100%;\"><\/div><\/div><\/div><\/div><\/div><div class=\"fusion-fullwidth fullwidth-box fusion-builder-row-2 fusion-flex-container nonhundred-percent-fullwidth non-hundred-percent-height-scrolling fusion-no-medium-visibility fusion-no-large-visibility\" style=\"--awb-background-position:center bottom;--awb-border-radius-top-left:0px;--awb-border-radius-top-right:0px;--awb-border-radius-bottom-right:0px;--awb-border-radius-bottom-left:0px;--awb-background-color:#ffffff;--awb-flex-wrap:wrap;\" ><div class=\"fusion-builder-row fusion-row fusion-flex-align-items-flex-start fusion-flex-content-wrap\" style=\"max-width:calc( 1200px + 0px );margin-left: calc(-0px \/ 2 );margin-right: calc(-0px \/ 2 );\"><div class=\"fusion-layout-column fusion_builder_column fusion-builder-column-2 fusion_builder_column_2_5 2_5 fusion-flex-column\" style=\"--awb-padding-top:4%;--awb-padding-right:4%;--awb-padding-bottom:4%;--awb-padding-left:4%;--awb-overflow:hidden;--awb-bg-color:#ffffff;--awb-bg-color-hover:#ffffff;--awb-bg-size:cover;--awb-border-color:#707070;--awb-border-top:0;--awb-border-right:0;--awb-border-bottom:0;--awb-border-left:0;--awb-border-style:solid;--awb-border-radius:10px 10px 10px 10px;--awb-width-large:40%;--awb-margin-top-large:15px;--awb-spacing-right-large:0px;--awb-margin-bottom-large:15px;--awb-spacing-left-large:0px;--awb-width-medium:100%;--awb-order-medium:0;--awb-spacing-right-medium:0px;--awb-spacing-left-medium:0px;--awb-width-small:100%;--awb-order-small:0;--awb-spacing-right-small:0px;--awb-spacing-left-small:0px;\"><div class=\"fusion-column-wrapper fusion-column-has-shadow fusion-flex-justify-content-flex-start fusion-content-layout-column\"><div class=\"fusion-builder-row fusion-builder-row-inner fusion-row fusion-flex-align-items-flex-start fusion-flex-content-wrap\" style=\"width:calc( 100% + 0px ) !important;max-width:calc( 100% + 0px ) !important;margin-left: calc(-0px \/ 2 );margin-right: calc(-0px \/ 2 );\"><div class=\"fusion-layout-column fusion_builder_column_inner fusion-builder-nested-column-1 fusion_builder_column_inner_1_1 1_1 fusion-flex-column\" style=\"--awb-padding-top:4%;--awb-padding-right:4%;--awb-padding-bottom:4%;--awb-padding-left:4%;--awb-overflow:hidden;--awb-bg-color:rgba(196,196,196,0.27);--awb-bg-color-hover:rgba(196,196,196,0.27);--awb-bg-image:linear-gradient(180deg, var(--awb-custom14) 1%,rgba(255,255,255,0) 90%);--awb-bg-size:cover;--awb-border-color:#707070;--awb-border-top:2px;--awb-border-right:2px;--awb-border-bottom:2px;--awb-border-left:2px;--awb-border-style:solid;--awb-border-radius:10px 10px 10px 10px;--awb-width-large:100%;--awb-margin-top-large:15px;--awb-spacing-right-large:0px;--awb-margin-bottom-large:15px;--awb-spacing-left-large:0px;--awb-width-medium:100%;--awb-order-medium:0;--awb-spacing-right-medium:0px;--awb-spacing-left-medium:0px;--awb-width-small:100%;--awb-order-small:0;--awb-spacing-right-small:0px;--awb-spacing-left-small:0px;\"><div class=\"fusion-column-wrapper fusion-column-has-shadow fusion-flex-justify-content-flex-start fusion-content-layout-column\"><div class=\"fusion-text fusion-text-3\"><ul>\n<li style=\"list-style-type: none;\"><\/li>\n<\/ul>\n<p><span style=\"color: #ff0000; font-size: 17px;\">&#8220;Unser Ziel war es, unseren Kundenstamm zu vergr\u00f6\u00dfern. Vor allem wird die ISO 13485 die T\u00fcren zur medizinischen Gemeinschaft \u00f6ffnen.&#8221;<\/span><\/p>\n<\/div><\/div><\/div><\/div><div class=\"fusion-image-element \" style=\"--awb-caption-title-font-family:var(--h2_typography-font-family);--awb-caption-title-font-weight:var(--h2_typography-font-weight);--awb-caption-title-font-style:var(--h2_typography-font-style);--awb-caption-title-size:var(--h2_typography-font-size);--awb-caption-title-transform:var(--h2_typography-text-transform);--awb-caption-title-line-height:var(--h2_typography-line-height);--awb-caption-title-letter-spacing:var(--h2_typography-letter-spacing);\"><span class=\" fusion-imageframe imageframe-none imageframe-3 hover-type-none\" style=\"border:1px solid #f0f0f0;border-radius:10px;\"><img decoding=\"async\" src=\"https:\/\/www.eurocert-eqc.com\/wp-content\/uploads\/2020\/04\/meeting-medium.jpg\" alt class=\"img-responsive wp-image-2553\"\/><\/span><\/div><div class=\"fusion-separator fusion-full-width-sep\" style=\"align-self: center;margin-left: auto;margin-right: auto;margin-top:5px;margin-bottom:5px;width:100%;\"><\/div><div class=\"fusion-image-element \" style=\"--awb-caption-title-font-family:var(--h2_typography-font-family);--awb-caption-title-font-weight:var(--h2_typography-font-weight);--awb-caption-title-font-style:var(--h2_typography-font-style);--awb-caption-title-size:var(--h2_typography-font-size);--awb-caption-title-transform:var(--h2_typography-text-transform);--awb-caption-title-line-height:var(--h2_typography-line-height);--awb-caption-title-letter-spacing:var(--h2_typography-letter-spacing);\"><span class=\" fusion-imageframe imageframe-none imageframe-4 hover-type-none\" style=\"border:1px solid #f0f0f0;border-radius:10px;\"><img decoding=\"async\" src=\"https:\/\/www.eurocert-eqc.com\/wp-content\/uploads\/2020\/04\/meeting2-medium.jpg\" alt class=\"img-responsive wp-image-2555\"\/><\/span><\/div><div class=\"fusion-separator fusion-full-width-sep\" style=\"align-self: center;margin-left: auto;margin-right: auto;margin-top:5px;margin-bottom:5px;width:100%;\"><\/div><\/div><\/div><div class=\"fusion-layout-column fusion_builder_column fusion-builder-column-3 fusion_builder_column_3_5 3_5 fusion-flex-column fusion-animated\" style=\"--awb-bg-color:#ffffff;--awb-bg-color-hover:#ffffff;--awb-bg-size:cover;--awb-border-color:#efefef;--awb-border-top:0;--awb-border-right:0;--awb-border-bottom:0;--awb-border-left:0;--awb-border-style:solid;--awb-width-large:60%;--awb-margin-top-large:15px;--awb-spacing-right-large:0px;--awb-margin-bottom-large:15px;--awb-spacing-left-large:0px;--awb-width-medium:100%;--awb-order-medium:0;--awb-spacing-right-medium:0px;--awb-spacing-left-medium:0px;--awb-width-small:100%;--awb-order-small:0;--awb-spacing-right-small:0px;--awb-spacing-left-small:0px;\" data-animationType=\"fadeInLeft\" data-animationDuration=\"0.8\" data-animationOffset=\"top-into-view\"><div class=\"fusion-column-wrapper fusion-column-has-shadow fusion-flex-justify-content-flex-start fusion-content-layout-column\"><div class=\"fusion-text fusion-text-4\"><h3 class=\"entry-title fusion-responsive-typography-calculated\" style=\"line-height: 1.15;\" data-fontsize=\"22\" data-lineheight=\"25.3px\">ISO 13485:2016<\/h3>\n<p>Die ISO 13485 ist eine ISO-Norm, die die Erfordernisse f\u00fcr ein umfassendes Qualit\u00e4tsmanagementsystem f\u00fcr das Design und die Herstellung von Medizinprodukten repr\u00e4sentiert.<\/p>\n<p>Die aktuelle Ausgabe ist 2016 ver\u00f6ffentlicht worden und ersetzt direkt die letzte Version aus dem Jahr 2012. In der ISO 13485:2012 wurden fr\u00fchere Normen wie die EN 46001 und EN 46002 (beide aus dem Jahr 1997), die ISO 13485 und ISO 13488 aus dem Jahr 1996 zusammengefasst und erg\u00e4nzt.<\/p>\n<p>Obwohl sie ein eigenst\u00e4ndiges Dokument ist, ist die ISO 13485:2003 in weiten Teilen mit der ISO 9001 identisch. W\u00e4hrend die ISO 9001 die Anforderung stellt, dass die Organisation insgesamt eine kontinuierliche Verbesserung anstreben muss (Qualit\u00e4tsmanagement), bezieht sich der Kernanspruch der ISO 13485 auf die Produktsicherheit und -wirksamkeit. Hier soll die Erf\u00fcllung der Anforderungen an das Produkt durch die Wirksamkeit der eingef\u00fchrten Prozesse sichergestellt werden.<\/p>\n<h3><span style=\"font-size: 22px;\" data-fusion-font=\"true\">Welche Vorteile bietet die ISO 13485 Medizinprodukte?<\/span><\/h3>\n<ul>\n<li>Steigern des Zugangs zu weltweiten M\u00e4rkten durch die Zertifizierung<\/li>\n<li>Beschreiben der Pr\u00fcfungen und Optimieren der Prozesse in Ihrem Unternehmen<\/li>\n<li>Steigern der Effizienz, Senken der Kosten und \u00dcberwachen der Leistung der Lieferkette<\/li>\n<li>Demonstrieren der Herstellung von sichereren und effektiveren Medizinprodukten<\/li>\n<li>Erf\u00fcllen von Medizinprodukterichtlinien (MDD) und Kundenerwartungen<\/li>\n<\/ul>\n<\/div><\/div><\/div><\/div><\/div><\/p>\n","protected":false},"excerpt":{"rendered":"","protected":false},"author":1,"featured_media":0,"parent":2112,"menu_order":0,"comment_status":"closed","ping_status":"closed","template":"100-width.php","meta":{"footnotes":""},"class_list":["post-2464","page","type-page","status-publish","hentry"],"yoast_head":"<!-- This site is optimized with the Yoast SEO plugin v27.5 - https:\/\/yoast.com\/product\/yoast-seo-wordpress\/ -->\n<title>ISO 13485 Management for Medical Devices - EQC EN \/\/ Made in Germany<\/title>\n<meta name=\"robots\" content=\"index, follow, max-snippet:-1, max-image-preview:large, max-video-preview:-1\" \/>\n<link rel=\"canonical\" href=\"https:\/\/www.eurocert-eqc.com\/en\/certification\/iso-certification\/iso-13485-management-for-medical-devices\/\" \/>\n<meta property=\"og:locale\" content=\"en_GB\" \/>\n<meta property=\"og:type\" content=\"article\" \/>\n<meta property=\"og:title\" content=\"ISO 13485 Management for Medical Devices - EQC EN \/\/ Made in Germany\" \/>\n<meta property=\"og:url\" content=\"https:\/\/www.eurocert-eqc.com\/en\/certification\/iso-certification\/iso-13485-management-for-medical-devices\/\" \/>\n<meta property=\"og:site_name\" content=\"EQC EN \/\/ Made in Germany\" \/>\n<meta property=\"article:modified_time\" content=\"2023-05-20T00:26:00+00:00\" \/>\n<meta name=\"twitter:card\" content=\"summary_large_image\" \/>\n<meta name=\"twitter:label1\" content=\"Estimated reading time\" \/>\n\t<meta name=\"twitter:data1\" content=\"7 minutes\" \/>\n<script type=\"application\/ld+json\" class=\"yoast-schema-graph\">{\"@context\":\"https:\\\/\\\/schema.org\",\"@graph\":[{\"@type\":\"WebPage\",\"@id\":\"https:\\\/\\\/www.eurocert-eqc.com\\\/en\\\/certification\\\/iso-certification\\\/iso-13485-management-for-medical-devices\\\/\",\"url\":\"https:\\\/\\\/www.eurocert-eqc.com\\\/en\\\/certification\\\/iso-certification\\\/iso-13485-management-for-medical-devices\\\/\",\"name\":\"ISO 13485 Management for Medical Devices - EQC EN \\\/\\\/ Made in Germany\",\"isPartOf\":{\"@id\":\"https:\\\/\\\/www.eurocert-eqc.com\\\/en\\\/#website\"},\"datePublished\":\"2020-04-12T05:05:55+00:00\",\"dateModified\":\"2023-05-20T00:26:00+00:00\",\"breadcrumb\":{\"@id\":\"https:\\\/\\\/www.eurocert-eqc.com\\\/en\\\/certification\\\/iso-certification\\\/iso-13485-management-for-medical-devices\\\/#breadcrumb\"},\"inLanguage\":\"en-GB\",\"potentialAction\":[{\"@type\":\"ReadAction\",\"target\":[\"https:\\\/\\\/www.eurocert-eqc.com\\\/en\\\/certification\\\/iso-certification\\\/iso-13485-management-for-medical-devices\\\/\"]}]},{\"@type\":\"BreadcrumbList\",\"@id\":\"https:\\\/\\\/www.eurocert-eqc.com\\\/en\\\/certification\\\/iso-certification\\\/iso-13485-management-for-medical-devices\\\/#breadcrumb\",\"itemListElement\":[{\"@type\":\"ListItem\",\"position\":1,\"name\":\"Home\",\"item\":\"https:\\\/\\\/www.eurocert-eqc.com\\\/en\\\/\"},{\"@type\":\"ListItem\",\"position\":2,\"name\":\"CERTIFICATION\",\"item\":\"https:\\\/\\\/www.eurocert-eqc.com\\\/en\\\/certification\\\/\"},{\"@type\":\"ListItem\",\"position\":3,\"name\":\"ISO CERTIFICATION\",\"item\":\"https:\\\/\\\/www.eurocert-eqc.com\\\/en\\\/certification\\\/iso-certification\\\/\"},{\"@type\":\"ListItem\",\"position\":4,\"name\":\"ISO 13485 Management for Medical Devices\"}]},{\"@type\":\"WebSite\",\"@id\":\"https:\\\/\\\/www.eurocert-eqc.com\\\/en\\\/#website\",\"url\":\"https:\\\/\\\/www.eurocert-eqc.com\\\/en\\\/\",\"name\":\"EQC EN \\\/\\\/ Made in Germany\",\"description\":\"CERTIFICATION\",\"potentialAction\":[{\"@type\":\"SearchAction\",\"target\":{\"@type\":\"EntryPoint\",\"urlTemplate\":\"https:\\\/\\\/www.eurocert-eqc.com\\\/en\\\/?s={search_term_string}\"},\"query-input\":{\"@type\":\"PropertyValueSpecification\",\"valueRequired\":true,\"valueName\":\"search_term_string\"}}],\"inLanguage\":\"en-GB\"}]}<\/script>\n<!-- \/ Yoast SEO plugin. -->","yoast_head_json":{"title":"ISO 13485 Management for Medical Devices - EQC EN \/\/ Made in Germany","robots":{"index":"index","follow":"follow","max-snippet":"max-snippet:-1","max-image-preview":"max-image-preview:large","max-video-preview":"max-video-preview:-1"},"canonical":"https:\/\/www.eurocert-eqc.com\/en\/certification\/iso-certification\/iso-13485-management-for-medical-devices\/","og_locale":"en_GB","og_type":"article","og_title":"ISO 13485 Management for Medical Devices - EQC EN \/\/ Made in Germany","og_url":"https:\/\/www.eurocert-eqc.com\/en\/certification\/iso-certification\/iso-13485-management-for-medical-devices\/","og_site_name":"EQC EN \/\/ Made in Germany","article_modified_time":"2023-05-20T00:26:00+00:00","twitter_card":"summary_large_image","twitter_misc":{"Estimated reading time":"7 minutes"},"schema":{"@context":"https:\/\/schema.org","@graph":[{"@type":"WebPage","@id":"https:\/\/www.eurocert-eqc.com\/en\/certification\/iso-certification\/iso-13485-management-for-medical-devices\/","url":"https:\/\/www.eurocert-eqc.com\/en\/certification\/iso-certification\/iso-13485-management-for-medical-devices\/","name":"ISO 13485 Management for Medical Devices - EQC EN \/\/ Made in Germany","isPartOf":{"@id":"https:\/\/www.eurocert-eqc.com\/en\/#website"},"datePublished":"2020-04-12T05:05:55+00:00","dateModified":"2023-05-20T00:26:00+00:00","breadcrumb":{"@id":"https:\/\/www.eurocert-eqc.com\/en\/certification\/iso-certification\/iso-13485-management-for-medical-devices\/#breadcrumb"},"inLanguage":"en-GB","potentialAction":[{"@type":"ReadAction","target":["https:\/\/www.eurocert-eqc.com\/en\/certification\/iso-certification\/iso-13485-management-for-medical-devices\/"]}]},{"@type":"BreadcrumbList","@id":"https:\/\/www.eurocert-eqc.com\/en\/certification\/iso-certification\/iso-13485-management-for-medical-devices\/#breadcrumb","itemListElement":[{"@type":"ListItem","position":1,"name":"Home","item":"https:\/\/www.eurocert-eqc.com\/en\/"},{"@type":"ListItem","position":2,"name":"CERTIFICATION","item":"https:\/\/www.eurocert-eqc.com\/en\/certification\/"},{"@type":"ListItem","position":3,"name":"ISO CERTIFICATION","item":"https:\/\/www.eurocert-eqc.com\/en\/certification\/iso-certification\/"},{"@type":"ListItem","position":4,"name":"ISO 13485 Management for Medical Devices"}]},{"@type":"WebSite","@id":"https:\/\/www.eurocert-eqc.com\/en\/#website","url":"https:\/\/www.eurocert-eqc.com\/en\/","name":"EQC EN \/\/ Made in Germany","description":"CERTIFICATION","potentialAction":[{"@type":"SearchAction","target":{"@type":"EntryPoint","urlTemplate":"https:\/\/www.eurocert-eqc.com\/en\/?s={search_term_string}"},"query-input":{"@type":"PropertyValueSpecification","valueRequired":true,"valueName":"search_term_string"}}],"inLanguage":"en-GB"}]}},"_links":{"self":[{"href":"https:\/\/www.eurocert-eqc.com\/en\/wp-json\/wp\/v2\/pages\/2464","targetHints":{"allow":["GET"]}}],"collection":[{"href":"https:\/\/www.eurocert-eqc.com\/en\/wp-json\/wp\/v2\/pages"}],"about":[{"href":"https:\/\/www.eurocert-eqc.com\/en\/wp-json\/wp\/v2\/types\/page"}],"author":[{"embeddable":true,"href":"https:\/\/www.eurocert-eqc.com\/en\/wp-json\/wp\/v2\/users\/1"}],"replies":[{"embeddable":true,"href":"https:\/\/www.eurocert-eqc.com\/en\/wp-json\/wp\/v2\/comments?post=2464"}],"version-history":[{"count":0,"href":"https:\/\/www.eurocert-eqc.com\/en\/wp-json\/wp\/v2\/pages\/2464\/revisions"}],"up":[{"embeddable":true,"href":"https:\/\/www.eurocert-eqc.com\/en\/wp-json\/wp\/v2\/pages\/2112"}],"wp:attachment":[{"href":"https:\/\/www.eurocert-eqc.com\/en\/wp-json\/wp\/v2\/media?parent=2464"}],"curies":[{"name":"wp","href":"https:\/\/api.w.org\/{rel}","templated":true}]}}